{"id":637,"date":"2025-10-19T19:20:32","date_gmt":"2025-10-19T19:20:32","guid":{"rendered":"https:\/\/audioterapiarelajante.com.mx\/?post_type=product&#038;p=637"},"modified":"2025-10-19T19:20:32","modified_gmt":"2025-10-19T19:20:32","slug":"estres","status":"publish","type":"product","link":"https:\/\/audioterapiarelajante.com.mx\/index.php\/producto\/estres\/","title":{"rendered":"ESTR\u00c9S"},"content":{"rendered":"<p>Baja paulatinemente, sus niveles de estr\u00e9s asi como la ansiedad y le beneficia a su presi\u00f3n arterial<\/p>\n","protected":false},"excerpt":{"rendered":"<p><img loading=\"lazy\" decoding=\"async\" class=\"alignnone size-medium wp-image-203\" src=\"https:\/\/audioterapiarelajante.com.mx\/wp-content\/uploads\/2025\/05\/mejor-experiencia-300x98.webp\" alt=\"\" width=\"300\" height=\"98\" srcset=\"https:\/\/audioterapiarelajante.com.mx\/wp-content\/uploads\/2025\/05\/mejor-experiencia-300x98.webp 300w, https:\/\/audioterapiarelajante.com.mx\/wp-content\/uploads\/2025\/05\/mejor-experiencia.webp 455w\" sizes=\"auto, (max-width: 300px) 100vw, 300px\" \/><\/p>\n","protected":false},"featured_media":638,"template":"","meta":{"_et_pb_use_builder":"","_et_pb_old_content":"","_et_gb_content_width":""},"product_brand":[],"product_cat":[19],"product_tag":[],"class_list":{"0":"post-637","1":"product","2":"type-product","3":"status-publish","4":"has-post-thumbnail","6":"product_cat-audios-hipnosis","8":"first","9":"instock","10":"downloadable","11":"shipping-taxable","12":"purchasable","13":"product-type-simple"},"yoast_head":"<!-- This site is optimized with the Yoast SEO plugin v26.6 - https:\/\/yoast.com\/wordpress\/plugins\/seo\/ -->\n<title>ESTR\u00c9S - ALMAS<\/title>\n<meta name=\"robots\" content=\"index, follow, max-snippet:-1, max-image-preview:large, max-video-preview:-1\" \/>\n<link rel=\"canonical\" href=\"https:\/\/audioterapiarelajante.com.mx\/index.php\/producto\/estres\/\" \/>\n<meta property=\"og:locale\" content=\"es_ES\" \/>\n<meta property=\"og:type\" content=\"article\" \/>\n<meta property=\"og:title\" content=\"ESTR\u00c9S - ALMAS\" \/>\n<meta property=\"og:url\" content=\"https:\/\/audioterapiarelajante.com.mx\/index.php\/producto\/estres\/\" \/>\n<meta property=\"og:site_name\" content=\"ALMAS\" \/>\n<meta property=\"og:image\" content=\"https:\/\/audioterapiarelajante.com.mx\/wp-content\/uploads\/2025\/10\/estres.png\" \/>\n\t<meta property=\"og:image:width\" content=\"1024\" \/>\n\t<meta property=\"og:image:height\" content=\"1024\" \/>\n\t<meta property=\"og:image:type\" content=\"image\/png\" \/>\n<meta name=\"twitter:card\" content=\"summary_large_image\" \/>\n<meta name=\"twitter:label1\" content=\"Tiempo de lectura\" \/>\n\t<meta name=\"twitter:data1\" content=\"1 minuto\" \/>\n<script type=\"application\/ld+json\" class=\"yoast-schema-graph\">{\"@context\":\"https:\/\/schema.org\",\"@graph\":[{\"@type\":\"WebPage\",\"@id\":\"https:\/\/audioterapiarelajante.com.mx\/index.php\/producto\/estres\/\",\"url\":\"https:\/\/audioterapiarelajante.com.mx\/index.php\/producto\/estres\/\",\"name\":\"ESTR\u00c9S - ALMAS\",\"isPartOf\":{\"@id\":\"https:\/\/audioterapiarelajante.com.mx\/#website\"},\"primaryImageOfPage\":{\"@id\":\"https:\/\/audioterapiarelajante.com.mx\/index.php\/producto\/estres\/#primaryimage\"},\"image\":{\"@id\":\"https:\/\/audioterapiarelajante.com.mx\/index.php\/producto\/estres\/#primaryimage\"},\"thumbnailUrl\":\"https:\/\/audioterapiarelajante.com.mx\/wp-content\/uploads\/2025\/10\/estres.png\",\"datePublished\":\"2025-10-19T19:20:32+00:00\",\"breadcrumb\":{\"@id\":\"https:\/\/audioterapiarelajante.com.mx\/index.php\/producto\/estres\/#breadcrumb\"},\"inLanguage\":\"es\",\"potentialAction\":[{\"@type\":\"ReadAction\",\"target\":[\"https:\/\/audioterapiarelajante.com.mx\/index.php\/producto\/estres\/\"]}]},{\"@type\":\"ImageObject\",\"inLanguage\":\"es\",\"@id\":\"https:\/\/audioterapiarelajante.com.mx\/index.php\/producto\/estres\/#primaryimage\",\"url\":\"https:\/\/audioterapiarelajante.com.mx\/wp-content\/uploads\/2025\/10\/estres.png\",\"contentUrl\":\"https:\/\/audioterapiarelajante.com.mx\/wp-content\/uploads\/2025\/10\/estres.png\",\"width\":1024,\"height\":1024},{\"@type\":\"BreadcrumbList\",\"@id\":\"https:\/\/audioterapiarelajante.com.mx\/index.php\/producto\/estres\/#breadcrumb\",\"itemListElement\":[{\"@type\":\"ListItem\",\"position\":1,\"name\":\"Portada\",\"item\":\"https:\/\/audioterapiarelajante.com.mx\/\"},{\"@type\":\"ListItem\",\"position\":2,\"name\":\"Tienda\",\"item\":\"https:\/\/audioterapiarelajante.com.mx\/index.php\/tienda\/\"},{\"@type\":\"ListItem\",\"position\":3,\"name\":\"ESTR\u00c9S\"}]},{\"@type\":\"WebSite\",\"@id\":\"https:\/\/audioterapiarelajante.com.mx\/#website\",\"url\":\"https:\/\/audioterapiarelajante.com.mx\/\",\"name\":\"Terapias de hipnosis en audio\",\"description\":\"Terapias de hipnosis para mejorar y equilibrar tu mente\",\"publisher\":{\"@id\":\"https:\/\/audioterapiarelajante.com.mx\/#organization\"},\"alternateName\":\"Audios para relajaci\u00f3n\",\"potentialAction\":[{\"@type\":\"SearchAction\",\"target\":{\"@type\":\"EntryPoint\",\"urlTemplate\":\"https:\/\/audioterapiarelajante.com.mx\/?s={search_term_string}\"},\"query-input\":{\"@type\":\"PropertyValueSpecification\",\"valueRequired\":true,\"valueName\":\"search_term_string\"}}],\"inLanguage\":\"es\"},{\"@type\":\"Organization\",\"@id\":\"https:\/\/audioterapiarelajante.com.mx\/#organization\",\"name\":\"Terapias de hipnosis en audio\",\"alternateName\":\"Audios para relajaci\u00f3n y meditaci\u00f3n, conoce nuestra tienda en linea\",\"url\":\"https:\/\/audioterapiarelajante.com.mx\/\",\"logo\":{\"@type\":\"ImageObject\",\"inLanguage\":\"es\",\"@id\":\"https:\/\/audioterapiarelajante.com.mx\/#\/schema\/logo\/image\/\",\"url\":\"https:\/\/audioterapiarelajante.com.mx\/wp-content\/uploads\/2025\/10\/cropped-Favicon.png\",\"contentUrl\":\"https:\/\/audioterapiarelajante.com.mx\/wp-content\/uploads\/2025\/10\/cropped-Favicon.png\",\"width\":512,\"height\":512,\"caption\":\"Terapias de hipnosis en audio\"},\"image\":{\"@id\":\"https:\/\/audioterapiarelajante.com.mx\/#\/schema\/logo\/image\/\"}}]}<\/script>\n<!-- \/ Yoast SEO plugin. -->","yoast_head_json":{"title":"ESTR\u00c9S - ALMAS","robots":{"index":"index","follow":"follow","max-snippet":"max-snippet:-1","max-image-preview":"max-image-preview:large","max-video-preview":"max-video-preview:-1"},"canonical":"https:\/\/audioterapiarelajante.com.mx\/index.php\/producto\/estres\/","og_locale":"es_ES","og_type":"article","og_title":"ESTR\u00c9S - ALMAS","og_url":"https:\/\/audioterapiarelajante.com.mx\/index.php\/producto\/estres\/","og_site_name":"ALMAS","og_image":[{"width":1024,"height":1024,"url":"https:\/\/audioterapiarelajante.com.mx\/wp-content\/uploads\/2025\/10\/estres.png","type":"image\/png"}],"twitter_card":"summary_large_image","twitter_misc":{"Tiempo de lectura":"1 minuto"},"schema":{"@context":"https:\/\/schema.org","@graph":[{"@type":"WebPage","@id":"https:\/\/audioterapiarelajante.com.mx\/index.php\/producto\/estres\/","url":"https:\/\/audioterapiarelajante.com.mx\/index.php\/producto\/estres\/","name":"ESTR\u00c9S - ALMAS","isPartOf":{"@id":"https:\/\/audioterapiarelajante.com.mx\/#website"},"primaryImageOfPage":{"@id":"https:\/\/audioterapiarelajante.com.mx\/index.php\/producto\/estres\/#primaryimage"},"image":{"@id":"https:\/\/audioterapiarelajante.com.mx\/index.php\/producto\/estres\/#primaryimage"},"thumbnailUrl":"https:\/\/audioterapiarelajante.com.mx\/wp-content\/uploads\/2025\/10\/estres.png","datePublished":"2025-10-19T19:20:32+00:00","breadcrumb":{"@id":"https:\/\/audioterapiarelajante.com.mx\/index.php\/producto\/estres\/#breadcrumb"},"inLanguage":"es","potentialAction":[{"@type":"ReadAction","target":["https:\/\/audioterapiarelajante.com.mx\/index.php\/producto\/estres\/"]}]},{"@type":"ImageObject","inLanguage":"es","@id":"https:\/\/audioterapiarelajante.com.mx\/index.php\/producto\/estres\/#primaryimage","url":"https:\/\/audioterapiarelajante.com.mx\/wp-content\/uploads\/2025\/10\/estres.png","contentUrl":"https:\/\/audioterapiarelajante.com.mx\/wp-content\/uploads\/2025\/10\/estres.png","width":1024,"height":1024},{"@type":"BreadcrumbList","@id":"https:\/\/audioterapiarelajante.com.mx\/index.php\/producto\/estres\/#breadcrumb","itemListElement":[{"@type":"ListItem","position":1,"name":"Portada","item":"https:\/\/audioterapiarelajante.com.mx\/"},{"@type":"ListItem","position":2,"name":"Tienda","item":"https:\/\/audioterapiarelajante.com.mx\/index.php\/tienda\/"},{"@type":"ListItem","position":3,"name":"ESTR\u00c9S"}]},{"@type":"WebSite","@id":"https:\/\/audioterapiarelajante.com.mx\/#website","url":"https:\/\/audioterapiarelajante.com.mx\/","name":"Terapias de hipnosis en audio","description":"Terapias de hipnosis para mejorar y equilibrar tu mente","publisher":{"@id":"https:\/\/audioterapiarelajante.com.mx\/#organization"},"alternateName":"Audios para relajaci\u00f3n","potentialAction":[{"@type":"SearchAction","target":{"@type":"EntryPoint","urlTemplate":"https:\/\/audioterapiarelajante.com.mx\/?s={search_term_string}"},"query-input":{"@type":"PropertyValueSpecification","valueRequired":true,"valueName":"search_term_string"}}],"inLanguage":"es"},{"@type":"Organization","@id":"https:\/\/audioterapiarelajante.com.mx\/#organization","name":"Terapias de hipnosis en audio","alternateName":"Audios para relajaci\u00f3n y meditaci\u00f3n, conoce nuestra tienda en linea","url":"https:\/\/audioterapiarelajante.com.mx\/","logo":{"@type":"ImageObject","inLanguage":"es","@id":"https:\/\/audioterapiarelajante.com.mx\/#\/schema\/logo\/image\/","url":"https:\/\/audioterapiarelajante.com.mx\/wp-content\/uploads\/2025\/10\/cropped-Favicon.png","contentUrl":"https:\/\/audioterapiarelajante.com.mx\/wp-content\/uploads\/2025\/10\/cropped-Favicon.png","width":512,"height":512,"caption":"Terapias de hipnosis en audio"},"image":{"@id":"https:\/\/audioterapiarelajante.com.mx\/#\/schema\/logo\/image\/"}}]}},"jetpack_sharing_enabled":true,"_links":{"self":[{"href":"https:\/\/audioterapiarelajante.com.mx\/index.php\/wp-json\/wp\/v2\/product\/637","targetHints":{"allow":["GET"]}}],"collection":[{"href":"https:\/\/audioterapiarelajante.com.mx\/index.php\/wp-json\/wp\/v2\/product"}],"about":[{"href":"https:\/\/audioterapiarelajante.com.mx\/index.php\/wp-json\/wp\/v2\/types\/product"}],"wp:featuredmedia":[{"embeddable":true,"href":"https:\/\/audioterapiarelajante.com.mx\/index.php\/wp-json\/wp\/v2\/media\/638"}],"wp:attachment":[{"href":"https:\/\/audioterapiarelajante.com.mx\/index.php\/wp-json\/wp\/v2\/media?parent=637"}],"wp:term":[{"taxonomy":"product_brand","embeddable":true,"href":"https:\/\/audioterapiarelajante.com.mx\/index.php\/wp-json\/wp\/v2\/product_brand?post=637"},{"taxonomy":"product_cat","embeddable":true,"href":"https:\/\/audioterapiarelajante.com.mx\/index.php\/wp-json\/wp\/v2\/product_cat?post=637"},{"taxonomy":"product_tag","embeddable":true,"href":"https:\/\/audioterapiarelajante.com.mx\/index.php\/wp-json\/wp\/v2\/product_tag?post=637"}],"curies":[{"name":"wp","href":"https:\/\/api.w.org\/{rel}","templated":true}]}}