{"id":13,"date":"2025-05-22T02:08:49","date_gmt":"2025-05-22T02:08:49","guid":{"rendered":"https:\/\/audioterapiarelajante.com.mx\/?page_id=13"},"modified":"2025-05-25T02:01:10","modified_gmt":"2025-05-25T02:01:10","slug":"audios-de-sanacion","status":"publish","type":"page","link":"https:\/\/audioterapiarelajante.com.mx\/index.php\/audios-de-sanacion\/","title":{"rendered":"AUDIOS DE SANACI\u00d3N"},"content":{"rendered":"<p>[et_pb_section fb_built=\u00bb1&#8243; _builder_version=\u00bb4.27.0&#8243; _module_preset=\u00bbdefault\u00bb background_color=\u00bb#141414&#8243; custom_padding=\u00bb11px||11px|||\u00bb global_colors_info=\u00bb{}\u00bb][et_pb_row _builder_version=\u00bb4.27.0&#8243; _module_preset=\u00bbdefault\u00bb custom_padding=\u00bb24px|||||\u00bb global_colors_info=\u00bb{}\u00bb][et_pb_column type=\u00bb4_4&#8243; _builder_version=\u00bb4.27.0&#8243; _module_preset=\u00bbdefault\u00bb global_colors_info=\u00bb{}\u00bb][et_pb_text _builder_version=\u00bb4.27.0&#8243; _module_preset=\u00bbdefault\u00bb text_font=\u00bbActor|700|||||||\u00bb text_text_color=\u00bb#FFFFFF\u00bb text_font_size=\u00bb28px\u00bb text_line_height=\u00bb1.3em\u00bb text_orientation=\u00bbcenter\u00bb hover_enabled=\u00bb0&#8243; text_font_tablet=\u00bbActor|700|||||||\u00bb text_font_phone=\u00bbActor|700|||||||\u00bb text_font_last_edited=\u00bbon|desktop\u00bb text_text_color_tablet=\u00bb#FFFFFF\u00bb text_text_color_phone=\u00bb#FFFFFF\u00bb text_text_color_last_edited=\u00bbon|phone\u00bb text_font_size_tablet=\u00bb28px\u00bb text_font_size_phone=\u00bb18px\u00bb text_font_size_last_edited=\u00bbon|desktop\u00bb text_letter_spacing_tablet=\u00bb\u00bb text_letter_spacing_phone=\u00bb\u00bb text_letter_spacing_last_edited=\u00bbon|desktop\u00bb text_line_height_tablet=\u00bb1.3em\u00bb text_line_height_phone=\u00bb1.3em\u00bb text_line_height_last_edited=\u00bbon|desktop\u00bb text_orientation_tablet=\u00bbcenter\u00bb text_orientation_phone=\u00bbcenter\u00bb text_orientation_last_edited=\u00bbon|desktop\u00bb global_colors_info=\u00bb{}\u00bb locked=\u00bboff\u00bb sticky_enabled=\u00bb0&#8243;]<\/p>\n<p>La meditaci\u00f3n es una pr\u00e1ctica maravillosa que puede producir muchos beneficios para la salud mental. Los siguientes sonidos proporcionan relajaci\u00f3n y reducen los s\u00edntomas de ansiedad y depresi\u00f3n, despejan tu mente para que alcances un estado de serenidad.<\/p>\n<p>[\/et_pb_text][\/et_pb_column][\/et_pb_row][\/et_pb_section][et_pb_section fb_built=\u00bb1&#8243; _builder_version=\u00bb4.27.0&#8243; _module_preset=\u00bbdefault\u00bb global_colors_info=\u00bb{}\u00bb][et_pb_row _builder_version=\u00bb4.27.0&#8243; _module_preset=\u00bbdefault\u00bb custom_padding=\u00bb6px|||||\u00bb global_colors_info=\u00bb{}\u00bb][et_pb_column type=\u00bb4_4&#8243; _builder_version=\u00bb4.27.0&#8243; _module_preset=\u00bbdefault\u00bb global_colors_info=\u00bb{}\u00bb][et_pb_shop type=\u00bbproduct_category\u00bb include_categories=\u00bb18&#8243; icon_hover_color=\u00bbRGBA(255,255,255,0)\u00bb hover_overlay_color=\u00bbRGBA(255,255,255,0)\u00bb show_rating=\u00bboff\u00bb show_sale_badge=\u00bboff\u00bb _builder_version=\u00bb4.27.0&#8243; _module_preset=\u00bbdefault\u00bb title_font=\u00bbActor|700|||||||\u00bb title_text_align=\u00bbcenter\u00bb title_font_size=\u00bb17px\u00bb price_font=\u00bbAlata|700|||||||\u00bb price_text_align=\u00bbcenter\u00bb price_text_color=\u00bb#000000&#8243; price_font_size=\u00bb20px\u00bb price_line_height=\u00bb22px\u00bb text_orientation=\u00bbcenter\u00bb title_font_tablet=\u00bbActor|700|||||||\u00bb title_font_phone=\u00bbActor|700|||||||\u00bb title_font_last_edited=\u00bbon|desktop\u00bb title_text_align_tablet=\u00bbcenter\u00bb title_text_align_phone=\u00bbcenter\u00bb title_text_align_last_edited=\u00bbon|desktop\u00bb title_text_color_tablet=\u00bb\u00bb title_text_color_phone=\u00bb\u00bb title_text_color_last_edited=\u00bbon|desktop\u00bb price_font_tablet=\u00bbAlata|700|||||||\u00bb price_font_phone=\u00bbAlata|700|||||||\u00bb price_font_last_edited=\u00bbon|desktop\u00bb price_text_align_tablet=\u00bbcenter\u00bb price_text_align_phone=\u00bbcenter\u00bb price_text_align_last_edited=\u00bbon|desktop\u00bb price_font_size_tablet=\u00bb20px\u00bb price_font_size_phone=\u00bb20px\u00bb price_font_size_last_edited=\u00bbon|desktop\u00bb price_letter_spacing_tablet=\u00bb\u00bb price_letter_spacing_phone=\u00bb\u00bb price_letter_spacing_last_edited=\u00bbon|desktop\u00bb price_line_height_tablet=\u00bb22px\u00bb price_line_height_phone=\u00bb22px\u00bb price_line_height_last_edited=\u00bbon|desktop\u00bb text_orientation_tablet=\u00bbcenter\u00bb text_orientation_phone=\u00bbcenter\u00bb text_orientation_last_edited=\u00bbon|desktop\u00bb global_colors_info=\u00bb{}\u00bb][\/et_pb_shop][\/et_pb_column][\/et_pb_row][\/et_pb_section]<\/p>\n","protected":false},"excerpt":{"rendered":"<p>La meditaci\u00f3n es una pr\u00e1ctica maravillosa que puede producir muchos beneficios para la salud mental. Los siguientes sonidos proporcionan relajaci\u00f3n y reducen los s\u00edntomas de ansiedad y depresi\u00f3n, despejan tu mente para que alcances un estado de serenidad.<\/p>\n","protected":false},"author":1,"featured_media":0,"parent":0,"menu_order":0,"comment_status":"closed","ping_status":"closed","template":"","meta":{"_et_pb_use_builder":"on","_et_pb_old_content":"<!-- wp:divi\/placeholder \/-->","_et_gb_content_width":"","footnotes":""},"class_list":["post-13","page","type-page","status-publish","hentry"],"yoast_head":"<!-- This site is optimized with the Yoast SEO plugin v26.6 - https:\/\/yoast.com\/wordpress\/plugins\/seo\/ -->\n<title>AUDIOS DE SANACI\u00d3N - ALMAS<\/title>\n<meta name=\"robots\" content=\"index, follow, max-snippet:-1, max-image-preview:large, max-video-preview:-1\" \/>\n<link rel=\"canonical\" href=\"https:\/\/audioterapiarelajante.com.mx\/index.php\/audios-de-sanacion\/\" \/>\n<meta property=\"og:locale\" content=\"es_ES\" \/>\n<meta property=\"og:type\" content=\"article\" \/>\n<meta property=\"og:title\" content=\"AUDIOS DE SANACI\u00d3N - ALMAS\" \/>\n<meta property=\"og:description\" content=\"La meditaci\u00f3n es una pr\u00e1ctica maravillosa que puede producir muchos beneficios para la salud mental. Los siguientes sonidos proporcionan relajaci\u00f3n y reducen los s\u00edntomas de ansiedad y depresi\u00f3n, despejan tu mente para que alcances un estado de serenidad.\" \/>\n<meta property=\"og:url\" content=\"https:\/\/audioterapiarelajante.com.mx\/index.php\/audios-de-sanacion\/\" \/>\n<meta property=\"og:site_name\" content=\"ALMAS\" \/>\n<meta property=\"article:modified_time\" content=\"2025-05-25T02:01:10+00:00\" \/>\n<meta property=\"og:image\" content=\"https:\/\/audioterapiarelajante.com.mx\/wp-content\/uploads\/2025\/05\/Icono-hipnosis.png\" \/>\n\t<meta property=\"og:image:width\" content=\"1024\" \/>\n\t<meta property=\"og:image:height\" content=\"1024\" \/>\n\t<meta property=\"og:image:type\" content=\"image\/png\" \/>\n<meta name=\"twitter:card\" content=\"summary_large_image\" \/>\n<meta name=\"twitter:label1\" content=\"Tiempo de lectura\" \/>\n\t<meta name=\"twitter:data1\" content=\"2 minutos\" \/>\n<script type=\"application\/ld+json\" class=\"yoast-schema-graph\">{\"@context\":\"https:\/\/schema.org\",\"@graph\":[{\"@type\":\"WebPage\",\"@id\":\"https:\/\/audioterapiarelajante.com.mx\/index.php\/audios-de-sanacion\/\",\"url\":\"https:\/\/audioterapiarelajante.com.mx\/index.php\/audios-de-sanacion\/\",\"name\":\"AUDIOS DE SANACI\u00d3N - ALMAS\",\"isPartOf\":{\"@id\":\"https:\/\/audioterapiarelajante.com.mx\/#website\"},\"datePublished\":\"2025-05-22T02:08:49+00:00\",\"dateModified\":\"2025-05-25T02:01:10+00:00\",\"breadcrumb\":{\"@id\":\"https:\/\/audioterapiarelajante.com.mx\/index.php\/audios-de-sanacion\/#breadcrumb\"},\"inLanguage\":\"es\",\"potentialAction\":[{\"@type\":\"ReadAction\",\"target\":[\"https:\/\/audioterapiarelajante.com.mx\/index.php\/audios-de-sanacion\/\"]}]},{\"@type\":\"BreadcrumbList\",\"@id\":\"https:\/\/audioterapiarelajante.com.mx\/index.php\/audios-de-sanacion\/#breadcrumb\",\"itemListElement\":[{\"@type\":\"ListItem\",\"position\":1,\"name\":\"Portada\",\"item\":\"https:\/\/audioterapiarelajante.com.mx\/\"},{\"@type\":\"ListItem\",\"position\":2,\"name\":\"AUDIOS DE SANACI\u00d3N\"}]},{\"@type\":\"WebSite\",\"@id\":\"https:\/\/audioterapiarelajante.com.mx\/#website\",\"url\":\"https:\/\/audioterapiarelajante.com.mx\/\",\"name\":\"Terapias de hipnosis en audio\",\"description\":\"Terapias de hipnosis para mejorar y equilibrar tu mente\",\"publisher\":{\"@id\":\"https:\/\/audioterapiarelajante.com.mx\/#organization\"},\"alternateName\":\"Audios para relajaci\u00f3n\",\"potentialAction\":[{\"@type\":\"SearchAction\",\"target\":{\"@type\":\"EntryPoint\",\"urlTemplate\":\"https:\/\/audioterapiarelajante.com.mx\/?s={search_term_string}\"},\"query-input\":{\"@type\":\"PropertyValueSpecification\",\"valueRequired\":true,\"valueName\":\"search_term_string\"}}],\"inLanguage\":\"es\"},{\"@type\":\"Organization\",\"@id\":\"https:\/\/audioterapiarelajante.com.mx\/#organization\",\"name\":\"Terapias de hipnosis en audio\",\"alternateName\":\"Audios para relajaci\u00f3n y meditaci\u00f3n, conoce nuestra tienda en linea\",\"url\":\"https:\/\/audioterapiarelajante.com.mx\/\",\"logo\":{\"@type\":\"ImageObject\",\"inLanguage\":\"es\",\"@id\":\"https:\/\/audioterapiarelajante.com.mx\/#\/schema\/logo\/image\/\",\"url\":\"https:\/\/audioterapiarelajante.com.mx\/wp-content\/uploads\/2025\/10\/cropped-Favicon.png\",\"contentUrl\":\"https:\/\/audioterapiarelajante.com.mx\/wp-content\/uploads\/2025\/10\/cropped-Favicon.png\",\"width\":512,\"height\":512,\"caption\":\"Terapias de hipnosis en audio\"},\"image\":{\"@id\":\"https:\/\/audioterapiarelajante.com.mx\/#\/schema\/logo\/image\/\"}}]}<\/script>\n<!-- \/ Yoast SEO plugin. -->","yoast_head_json":{"title":"AUDIOS DE SANACI\u00d3N - ALMAS","robots":{"index":"index","follow":"follow","max-snippet":"max-snippet:-1","max-image-preview":"max-image-preview:large","max-video-preview":"max-video-preview:-1"},"canonical":"https:\/\/audioterapiarelajante.com.mx\/index.php\/audios-de-sanacion\/","og_locale":"es_ES","og_type":"article","og_title":"AUDIOS DE SANACI\u00d3N - ALMAS","og_description":"La meditaci\u00f3n es una pr\u00e1ctica maravillosa que puede producir muchos beneficios para la salud mental. Los siguientes sonidos proporcionan relajaci\u00f3n y reducen los s\u00edntomas de ansiedad y depresi\u00f3n, despejan tu mente para que alcances un estado de serenidad.","og_url":"https:\/\/audioterapiarelajante.com.mx\/index.php\/audios-de-sanacion\/","og_site_name":"ALMAS","article_modified_time":"2025-05-25T02:01:10+00:00","og_image":[{"width":1024,"height":1024,"url":"https:\/\/audioterapiarelajante.com.mx\/wp-content\/uploads\/2025\/05\/Icono-hipnosis.png","type":"image\/png"}],"twitter_card":"summary_large_image","twitter_misc":{"Tiempo de lectura":"2 minutos"},"schema":{"@context":"https:\/\/schema.org","@graph":[{"@type":"WebPage","@id":"https:\/\/audioterapiarelajante.com.mx\/index.php\/audios-de-sanacion\/","url":"https:\/\/audioterapiarelajante.com.mx\/index.php\/audios-de-sanacion\/","name":"AUDIOS DE SANACI\u00d3N - ALMAS","isPartOf":{"@id":"https:\/\/audioterapiarelajante.com.mx\/#website"},"datePublished":"2025-05-22T02:08:49+00:00","dateModified":"2025-05-25T02:01:10+00:00","breadcrumb":{"@id":"https:\/\/audioterapiarelajante.com.mx\/index.php\/audios-de-sanacion\/#breadcrumb"},"inLanguage":"es","potentialAction":[{"@type":"ReadAction","target":["https:\/\/audioterapiarelajante.com.mx\/index.php\/audios-de-sanacion\/"]}]},{"@type":"BreadcrumbList","@id":"https:\/\/audioterapiarelajante.com.mx\/index.php\/audios-de-sanacion\/#breadcrumb","itemListElement":[{"@type":"ListItem","position":1,"name":"Portada","item":"https:\/\/audioterapiarelajante.com.mx\/"},{"@type":"ListItem","position":2,"name":"AUDIOS DE SANACI\u00d3N"}]},{"@type":"WebSite","@id":"https:\/\/audioterapiarelajante.com.mx\/#website","url":"https:\/\/audioterapiarelajante.com.mx\/","name":"Terapias de hipnosis en audio","description":"Terapias de hipnosis para mejorar y equilibrar tu mente","publisher":{"@id":"https:\/\/audioterapiarelajante.com.mx\/#organization"},"alternateName":"Audios para relajaci\u00f3n","potentialAction":[{"@type":"SearchAction","target":{"@type":"EntryPoint","urlTemplate":"https:\/\/audioterapiarelajante.com.mx\/?s={search_term_string}"},"query-input":{"@type":"PropertyValueSpecification","valueRequired":true,"valueName":"search_term_string"}}],"inLanguage":"es"},{"@type":"Organization","@id":"https:\/\/audioterapiarelajante.com.mx\/#organization","name":"Terapias de hipnosis en audio","alternateName":"Audios para relajaci\u00f3n y meditaci\u00f3n, conoce nuestra tienda en linea","url":"https:\/\/audioterapiarelajante.com.mx\/","logo":{"@type":"ImageObject","inLanguage":"es","@id":"https:\/\/audioterapiarelajante.com.mx\/#\/schema\/logo\/image\/","url":"https:\/\/audioterapiarelajante.com.mx\/wp-content\/uploads\/2025\/10\/cropped-Favicon.png","contentUrl":"https:\/\/audioterapiarelajante.com.mx\/wp-content\/uploads\/2025\/10\/cropped-Favicon.png","width":512,"height":512,"caption":"Terapias de hipnosis en audio"},"image":{"@id":"https:\/\/audioterapiarelajante.com.mx\/#\/schema\/logo\/image\/"}}]}},"jetpack_sharing_enabled":true,"_links":{"self":[{"href":"https:\/\/audioterapiarelajante.com.mx\/index.php\/wp-json\/wp\/v2\/pages\/13","targetHints":{"allow":["GET"]}}],"collection":[{"href":"https:\/\/audioterapiarelajante.com.mx\/index.php\/wp-json\/wp\/v2\/pages"}],"about":[{"href":"https:\/\/audioterapiarelajante.com.mx\/index.php\/wp-json\/wp\/v2\/types\/page"}],"author":[{"embeddable":true,"href":"https:\/\/audioterapiarelajante.com.mx\/index.php\/wp-json\/wp\/v2\/users\/1"}],"replies":[{"embeddable":true,"href":"https:\/\/audioterapiarelajante.com.mx\/index.php\/wp-json\/wp\/v2\/comments?post=13"}],"version-history":[{"count":8,"href":"https:\/\/audioterapiarelajante.com.mx\/index.php\/wp-json\/wp\/v2\/pages\/13\/revisions"}],"predecessor-version":[{"id":330,"href":"https:\/\/audioterapiarelajante.com.mx\/index.php\/wp-json\/wp\/v2\/pages\/13\/revisions\/330"}],"wp:attachment":[{"href":"https:\/\/audioterapiarelajante.com.mx\/index.php\/wp-json\/wp\/v2\/media?parent=13"}],"curies":[{"name":"wp","href":"https:\/\/api.w.org\/{rel}","templated":true}]}}